{"id":245,"date":"2013-03-07T23:16:58","date_gmt":"2013-03-08T02:16:58","guid":{"rendered":"http:\/\/obispadodezaratecampana.org\/?page_id=245"},"modified":"2026-03-24T16:04:41","modified_gmt":"2026-03-24T19:04:41","slug":"informacion","status":"publish","type":"page","link":"https:\/\/obispadodezaratecampana.org\/?page_id=245","title":{"rendered":"Informaci\u00f3n"},"content":{"rendered":"\t\t<div data-elementor-type=\"wp-page\" data-elementor-id=\"245\" class=\"elementor elementor-245\">\n\t\t\t\t\t\t<section class=\"elementor-section elementor-top-section elementor-element elementor-element-69ac2ac9 elementor-section-boxed elementor-section-height-default elementor-section-height-default\" data-id=\"69ac2ac9\" data-element_type=\"section\" data-e-type=\"section\">\n\t\t\t\t\t\t<div class=\"elementor-container elementor-column-gap-default\">\n\t\t\t\t\t<div class=\"elementor-column elementor-col-100 elementor-top-column elementor-element elementor-element-2edcb984\" data-id=\"2edcb984\" data-element_type=\"column\" data-e-type=\"column\">\n\t\t\t<div class=\"elementor-widget-wrap elementor-element-populated\">\n\t\t\t\t\t\t<div class=\"elementor-element elementor-element-1af7b737 elementor-widget elementor-widget-text-editor\" data-id=\"1af7b737\" data-element_type=\"widget\" data-e-type=\"widget\" data-widget_type=\"text-editor.default\">\n\t\t\t\t<div class=\"elementor-widget-container\">\n\t\t\t\t\t\t\t\t\t<h3><strong>La curia diocesana<\/strong><\/h3><p style=\"font-weight: normal;\">La Curia diocesana consta de aquellos organismos y personas que ayudan al Obispo en el gobierno de toda la Di\u00f3cesis principalmente en la direcci\u00f3n de la actividad pastoral, en la administraci\u00f3n de la Di\u00f3cesis as\u00ed como en el ejercicio de la potestad judicial (cf. can. 469).<\/p><p style=\"font-weight: normal;\"><strong>Obispo: S.E.R. Mons. Pedro Mar\u00eda Laxague<\/strong><\/p><p style=\"font-weight: normal;\">Correo electr\u00f3nico: obispadozaratecampana2016@gmail.com<\/p><p style=\"font-weight: normal;\"><strong>Canciller: Pbro. Guillermo D\u00edaz<\/strong><\/p><p style=\"font-weight: normal;\"><strong>Vicecanciller: Teresa Ferlaino Mancini\u00a0<\/strong><\/p><p style=\"font-weight: normal;\">Correo electr\u00f3nico: \u00a0cancilleria.zaratecampana@gmail.com<\/p><p style=\"font-weight: normal;\"><strong>Secretaria Privada del Obispo &#8211; Notaria Eclesi\u00e1stica: Daniela Nicolini<\/strong><\/p><p style=\"font-weight: normal;\">Correo electr\u00f3nico: secretaria.obispozaratecampana@gmail.com<br \/>Solicitudes de audiencia con el Obispo y otras consultas tambi\u00e9n via Whatsapp: +54 9 3489 487138<\/p><p style=\"font-weight: normal;\"><strong>Tribunal Diocesano:\u00a0<\/strong>\u00a0\u00a0<strong>Vicario Judicial : Pbro. Dr Guillermo D\u00edaz<\/strong><br \/><strong>\u00a0 \u00a0 \u00a0 \u00a0 \u00a0 \u00a0 \u00a0 \u00a0 \u00a0 \u00a0 \u00a0 \u00a0 \u00a0 \u00a0 \u00a0 \u00a0 \u00a0 \u00a0 \u00a0<\/strong><\/p><p style=\"font-weight: normal;\"><strong>Direcci\u00f3n: sede del Obispado de Z\u00e1rate-Campana<\/strong><\/p><p style=\"font-weight: normal;\">Av. Int. Jorge R. Varela 413, 2804 CAMPANA, Buenos Aires<\/p><p style=\"font-weight: normal;\">Tel\u00e9fono y fax: (03489) 422817 \/ 426606\u00a0<\/p><p>Whatsapp: +54 9 3489 487138<\/p><p style=\"font-weight: normal;\">Atenci\u00f3n al p\u00fablico: Lunes a viernes de 9 a 12 hs<\/p><p style=\"font-weight: normal;\">\u00a0<img fetchpriority=\"high\" decoding=\"async\" class=\" wp-image-11894 aligncenter\" src=\"http:\/\/obispadodezaratecampana.org\/wp-content\/uploads\/2013\/03\/escudo-181x300.jpg\" alt=\"escudo\" width=\"236\" height=\"300\" \/><\/p><h3>\u00a0<\/h3><h3>\u00a0<\/h3>\t\t\t\t\t\t\t\t<\/div>\n\t\t\t\t<\/div>\n\t\t\t\t\t<\/div>\n\t\t<\/div>\n\t\t\t\t\t<\/div>\n\t\t<\/section>\n\t\t\t\t<\/div>\n\t\t<!-- AddThis Advanced Settings generic via filter on the_content --><!-- AddThis Share Buttons generic via filter on the_content -->","protected":false},"excerpt":{"rendered":"<p>La curia diocesana La Curia diocesana consta de aquellos organismos y personas que ayudan al Obispo en el gobierno de toda la Di\u00f3cesis principalmente en [&hellip;]<!-- AddThis Advanced Settings generic via filter on get_the_excerpt --><!-- AddThis Share Buttons generic via filter on get_the_excerpt --><\/p>\n","protected":false},"author":1,"featured_media":11894,"parent":229,"menu_order":0,"comment_status":"open","ping_status":"open","template":"","meta":{"_mc_calendar":[],"footnotes":""},"class_list":["post-245","page","type-page","status-publish","has-post-thumbnail","hentry"],"_links":{"self":[{"href":"https:\/\/obispadodezaratecampana.org\/index.php?rest_route=\/wp\/v2\/pages\/245","targetHints":{"allow":["GET"]}}],"collection":[{"href":"https:\/\/obispadodezaratecampana.org\/index.php?rest_route=\/wp\/v2\/pages"}],"about":[{"href":"https:\/\/obispadodezaratecampana.org\/index.php?rest_route=\/wp\/v2\/types\/page"}],"author":[{"embeddable":true,"href":"https:\/\/obispadodezaratecampana.org\/index.php?rest_route=\/wp\/v2\/users\/1"}],"replies":[{"embeddable":true,"href":"https:\/\/obispadodezaratecampana.org\/index.php?rest_route=%2Fwp%2Fv2%2Fcomments&post=245"}],"version-history":[{"count":21,"href":"https:\/\/obispadodezaratecampana.org\/index.php?rest_route=\/wp\/v2\/pages\/245\/revisions"}],"predecessor-version":[{"id":19248,"href":"https:\/\/obispadodezaratecampana.org\/index.php?rest_route=\/wp\/v2\/pages\/245\/revisions\/19248"}],"up":[{"embeddable":true,"href":"https:\/\/obispadodezaratecampana.org\/index.php?rest_route=\/wp\/v2\/pages\/229"}],"wp:featuredmedia":[{"embeddable":true,"href":"https:\/\/obispadodezaratecampana.org\/index.php?rest_route=\/wp\/v2\/media\/11894"}],"wp:attachment":[{"href":"https:\/\/obispadodezaratecampana.org\/index.php?rest_route=%2Fwp%2Fv2%2Fmedia&parent=245"}],"curies":[{"name":"wp","href":"https:\/\/api.w.org\/{rel}","templated":true}]}}