{"id":229,"date":"2013-03-07T14:42:12","date_gmt":"2013-03-07T17:42:12","guid":{"rendered":"http:\/\/obispadodezaratecampana.org\/?page_id=229"},"modified":"2021-04-18T20:53:19","modified_gmt":"2021-04-18T23:53:19","slug":"nuestra-diocesis","status":"publish","type":"page","link":"https:\/\/obispadodezaratecampana.org\/?page_id=229","title":{"rendered":"Nuestra di\u00f3cesis"},"content":{"rendered":"<h3><span style=\"color: #000000;\"><strong>\u00bfQu\u00e9 es una di\u00f3cesis?<\/strong><\/span><\/h3>\n<p>Una di\u00f3cesis es, seg\u00fan el Concilio Vaticano II, \u201cuna porci\u00f3n del Pueblo de Dios, que se conf\u00eda a un obispo para que la apaciente con la cooperaci\u00f3n del presbiterio, de suerte que (&#8230;) constituye una iglesia particular, en que verdaderamente est\u00e1 y obra la Iglesia de Cristo, que es una, santa, cat\u00f3lica y apost\u00f3lica\u201d. Por lo tanto, m\u00e1s all\u00e1 de que la di\u00f3cesis lleva el nombre de una ciudad y el obispo tiene su sede en una catedral, la misma es una sola comunidad integrada por los habitantes de todos los departamentos que la conforman.<\/p>\n<p><strong>La curia diocesana<\/strong><\/p>\n<p>La Curia diocesana consta de aquellos organismos y personas que ayudan al Obispo en el gobierno de toda la Di\u00f3cesis principalmente en la direcci\u00f3n de la actividad pastoral, en la administraci\u00f3n de la Di\u00f3cesis as\u00ed como en el ejercicio de la potestad judicial (cf. can. 469).<\/p>\n<p><strong>Obispo: S.E.R. Mons. Pedro Mar\u00eda Laxague<\/strong><\/p>\n<p>Correo electr\u00f3nico: obispadozaratecampana2016@gmail.com<\/p>\n<p><strong>Canciller: Pbro. Guillermo D\u00edaz<\/strong><\/p>\n<p>Correos electr\u00f3nicos: \u00a0cancilleria.zaratecampana@gmail.com<\/p>\n<p><strong>Secretaria: Daniela Nicolini<\/strong><\/p>\n<p>Correo electr\u00f3nico: secretaria.obispozaratecampana@gmail.com<br \/>\nSolicitudes de audiencia con el Obispo telef\u00f3nicamente (03489) 422817 int 38, de Lunes a Viernes : 9 a 12 hs o v\u00eda mail a la direcci\u00f3n anteriormente se\u00f1alada.<\/p>\n<p><strong>Tribunal Diocesano:<\/strong>\u00a0 <strong>Vicario Judicial y Juez : Pbro. Dr Nestor D. Villa<\/strong><br \/>\n<strong>\u00a0 \u00a0 \u00a0 \u00a0 \u00a0 \u00a0 \u00a0 \u00a0 \u00a0 \u00a0 \u00a0 \u00a0 \u00a0 \u00a0 \u00a0 \u00a0 \u00a0 \u00a0 \u00a0 \u00a0 \u00a0Promotor de Justicia: Dr Diego Molina Pico <\/strong><br \/>\n<strong>\u00a0 \u00a0 \u00a0 \u00a0 \u00a0 \u00a0 \u00a0 \u00a0 \u00a0 \u00a0 \u00a0 \u00a0 \u00a0 \u00a0 \u00a0 \u00a0 \u00a0 \u00a0 \u00a0 \u00a0 \u00a0Defensor del V\u00ednculo: Pbro. Guillermo D\u00edaz<\/strong><\/p>\n<p><strong>Direcci\u00f3n<\/strong><\/p>\n<p>Sede del Obispado: Av. Int. Jorge R. Varela 413, 2804 CAMPANA, Buenos Aires<\/p>\n<p>Tel\u00e9fono y fax: (03489) 422817 \/ 426606<\/p>\n<p>Atenci\u00f3n al p\u00fablico: Lunes a viernes de 9 a 12 hs<\/p>\n<p><img fetchpriority=\"high\" decoding=\"async\" class=\" wp-image-11894 aligncenter\" src=\"http:\/\/obispadodezaratecampana.org\/wp-content\/uploads\/2013\/03\/escudo-181x300.jpg\" alt=\"escudo\" width=\"244\" height=\"330\" \/><\/p>\n<!-- AddThis Advanced Settings generic via filter on the_content --><!-- AddThis Share Buttons generic via filter on the_content -->","protected":false},"excerpt":{"rendered":"<p>\u00bfQu\u00e9 es una di\u00f3cesis? Una di\u00f3cesis es, seg\u00fan el Concilio Vaticano II, \u201cuna porci\u00f3n del Pueblo de Dios, que se conf\u00eda a un obispo para [&hellip;]<!-- AddThis Advanced Settings generic via filter on get_the_excerpt --><!-- AddThis Share Buttons generic via filter on get_the_excerpt --><\/p>\n","protected":false},"author":1,"featured_media":11894,"parent":0,"menu_order":0,"comment_status":"open","ping_status":"open","template":"","meta":{"_mc_calendar":[],"footnotes":""},"class_list":["post-229","page","type-page","status-publish","has-post-thumbnail","hentry"],"_links":{"self":[{"href":"https:\/\/obispadodezaratecampana.org\/index.php?rest_route=\/wp\/v2\/pages\/229","targetHints":{"allow":["GET"]}}],"collection":[{"href":"https:\/\/obispadodezaratecampana.org\/index.php?rest_route=\/wp\/v2\/pages"}],"about":[{"href":"https:\/\/obispadodezaratecampana.org\/index.php?rest_route=\/wp\/v2\/types\/page"}],"author":[{"embeddable":true,"href":"https:\/\/obispadodezaratecampana.org\/index.php?rest_route=\/wp\/v2\/users\/1"}],"replies":[{"embeddable":true,"href":"https:\/\/obispadodezaratecampana.org\/index.php?rest_route=%2Fwp%2Fv2%2Fcomments&post=229"}],"version-history":[{"count":13,"href":"https:\/\/obispadodezaratecampana.org\/index.php?rest_route=\/wp\/v2\/pages\/229\/revisions"}],"predecessor-version":[{"id":16939,"href":"https:\/\/obispadodezaratecampana.org\/index.php?rest_route=\/wp\/v2\/pages\/229\/revisions\/16939"}],"wp:featuredmedia":[{"embeddable":true,"href":"https:\/\/obispadodezaratecampana.org\/index.php?rest_route=\/wp\/v2\/media\/11894"}],"wp:attachment":[{"href":"https:\/\/obispadodezaratecampana.org\/index.php?rest_route=%2Fwp%2Fv2%2Fmedia&parent=229"}],"curies":[{"name":"wp","href":"https:\/\/api.w.org\/{rel}","templated":true}]}}