{"id":852,"date":"2013-05-12T12:06:44","date_gmt":"2013-05-12T15:06:44","guid":{"rendered":"http:\/\/obispadodezaratecampana.org\/?page_id=852"},"modified":"2026-02-09T20:20:44","modified_gmt":"2026-02-09T23:20:44","slug":"contacto","status":"publish","type":"page","link":"http:\/\/obispadodezaratecampana.org\/?page_id=852","title":{"rendered":"Contacto"},"content":{"rendered":"\t\t<div data-elementor-type=\"wp-page\" data-elementor-id=\"852\" class=\"elementor elementor-852\">\n\t\t\t\t\t\t<section class=\"elementor-section elementor-top-section elementor-element elementor-element-8925cfd elementor-section-boxed elementor-section-height-default elementor-section-height-default\" data-id=\"8925cfd\" data-element_type=\"section\" data-e-type=\"section\">\n\t\t\t\t\t\t<div class=\"elementor-container elementor-column-gap-default\">\n\t\t\t\t\t<div class=\"elementor-column elementor-col-100 elementor-top-column elementor-element elementor-element-4e0d6e45\" data-id=\"4e0d6e45\" data-element_type=\"column\" data-e-type=\"column\">\n\t\t\t<div class=\"elementor-widget-wrap elementor-element-populated\">\n\t\t\t\t\t\t<div class=\"elementor-element elementor-element-6e90f1fa elementor-widget elementor-widget-text-editor\" data-id=\"6e90f1fa\" data-element_type=\"widget\" data-e-type=\"widget\" data-widget_type=\"text-editor.default\">\n\t\t\t\t<div class=\"elementor-widget-container\">\n\t\t\t\t\t\t\t\t\t<p><span style=\"color: #333333;\"><strong>Obispo: S.E.R. Mons. Pedro Mar\u00eda Laxague<\/strong><\/span><\/p><div class=\"_1dwg _1w_m\"><div id=\"js_fo\" class=\"_5pbx userContent\" data-ft=\"{&quot;tn&quot;:&quot;K&quot;}\"><div id=\"id_5764476d64ad04632941958\" class=\"text_exposed_root text_exposed\"><div class=\"text_exposed_show\"><p><span style=\"color: #333333;\">Correo electr\u00f3nico: obispadozaratecampana2016@gmail.com<\/span><\/p><p><span style=\"color: #333333;\"><strong>Secretaria: Daniela Nicolini<\/strong> &#8211; Correo electr\u00f3nico: secretaria.obispozaratecampana@gmail.com<\/span><br \/><span style=\"color: #333333;\"> Solicitudes de audiencia con el Obispo al referido correo electr\u00f3nico de Secretaria o via Whatsapp +54 9 3489 487138\u00a0 \u00a0 \u00a0 \u00a0 \u00a0 \u00a0 \u00a0 \u00a0 \u00a0 \u00a0 \u00a0 \u00a0 \u00a0\u00a0<\/span><\/p><p><span style=\"color: #333333;\"><strong>Direcci\u00f3n<\/strong><\/span><\/p><p><span style=\"color: #333333;\">Sede del Obispado: Av. Int. Jorge R. Varela 413, 2804 CAMPANA, Buenos Aires. Tel\u00e9fono y fax: (03489) 422817 \/ 426606 &#8211; Whatsapp +54 9 3489 487138\u00a0 <\/span><\/p><p><span style=\"color: #333333;\">Atenci\u00f3n al p\u00fablico en la Sede el Obispado: Lunes a viernes de 9 a 12 hs.<\/span><\/p><p><strong>Informaci\u00f3n importante a tener en cuenta: <\/strong>para consultas generales o realizar tr\u00e1mites de cualquier \u00edndole comunicarse telef\u00f3nicamente o v\u00eda correo electr\u00f3nico para recibir orientaci\u00f3n al respecto de como proceder en cada caso:<\/p><p>Whatsapp +54 9 3489 487138<span style=\"color: #333333;\">\u00a0 <\/span><\/p><p><span style=\"color: #333333;\">obispadozaratecampana2016@gmail.com<\/span><\/p><\/div><\/div><div class=\"_5wpt\">\u00a0<\/div><\/div><div class=\"_3x-2\"><div data-ft=\"{&quot;tn&quot;:&quot;H&quot;}\"><div class=\"mtm\"><div class=\"_5cq3\" data-ft=\"{&quot;tn&quot;:&quot;E&quot;}\"><div id=\"u_jsonp_34_1w\" class=\"uiScaledImageContainer _4-ep\"><span style=\"color: #333333;\"><img fetchpriority=\"high\" decoding=\"async\" class=\"scaledImageFitWidth img aligncenter\" src=\"https:\/\/fbcdn-photos-a-a.akamaihd.net\/hphotos-ak-xpa1\/v\/t1.0-0\/s480x480\/13417482_1745391125746728_1871689151891898814_n.jpg?oh=c84a141bc16750a0d280c03914583182&amp;oe=57D6EA83&amp;__gda__=1472497734_69edf3f337d43720de955b24aa1bb576\" alt=\"Foto de Obispado Zarate Campana.\" width=\"470\" height=\"267\" \/><iframe style=\"border: 0;\" src=\"https:\/\/www.google.com\/maps\/embed?pb=!1m18!1m12!1m3!1d3301.2908912837293!2d-58.95925039999997!3d-34.16447969999988!2m3!1f0!2f0!3f0!3m2!1i1024!2i768!4f13.1!3m3!1m2!1s0x95bb7236c0693f41%3A0xda5517179b850678!2sAv+Rivadavia+413!5e0!3m2!1ses-419!2sar!4v1400373507800\" width=\"400\" height=\"300\" frameborder=\"0\"><\/iframe><\/span><\/div><\/div><\/div><\/div><\/div><\/div><p><span style=\"color: #333333;\">\u00a0<\/span><\/p><p><span style=\"color: #333333;\">\u00a0<\/span><\/p>\t\t\t\t\t\t\t\t<\/div>\n\t\t\t\t<\/div>\n\t\t\t\t\t<\/div>\n\t\t<\/div>\n\t\t\t\t\t<\/div>\n\t\t<\/section>\n\t\t\t\t<\/div>\n\t\t<!-- AddThis Advanced Settings generic via filter on the_content --><!-- AddThis Share Buttons generic via filter on the_content -->","protected":false},"excerpt":{"rendered":"<p>Obispo: S.E.R. Mons. Pedro Mar\u00eda Laxague Correo electr\u00f3nico: obispadozaratecampana2016@gmail.com Secretaria: Daniela Nicolini &#8211; Correo electr\u00f3nico: secretaria.obispozaratecampana@gmail.com Solicitudes de audiencia con el Obispo al referido correo [&hellip;]<!-- AddThis Advanced Settings generic via filter on get_the_excerpt --><!-- AddThis Share Buttons generic via filter on get_the_excerpt --><\/p>\n","protected":false},"author":1,"featured_media":0,"parent":0,"menu_order":0,"comment_status":"open","ping_status":"open","template":"","meta":{"_mc_calendar":[],"footnotes":""},"class_list":["post-852","page","type-page","status-publish","hentry"],"_links":{"self":[{"href":"http:\/\/obispadodezaratecampana.org\/index.php?rest_route=\/wp\/v2\/pages\/852","targetHints":{"allow":["GET"]}}],"collection":[{"href":"http:\/\/obispadodezaratecampana.org\/index.php?rest_route=\/wp\/v2\/pages"}],"about":[{"href":"http:\/\/obispadodezaratecampana.org\/index.php?rest_route=\/wp\/v2\/types\/page"}],"author":[{"embeddable":true,"href":"http:\/\/obispadodezaratecampana.org\/index.php?rest_route=\/wp\/v2\/users\/1"}],"replies":[{"embeddable":true,"href":"http:\/\/obispadodezaratecampana.org\/index.php?rest_route=%2Fwp%2Fv2%2Fcomments&post=852"}],"version-history":[{"count":20,"href":"http:\/\/obispadodezaratecampana.org\/index.php?rest_route=\/wp\/v2\/pages\/852\/revisions"}],"predecessor-version":[{"id":19194,"href":"http:\/\/obispadodezaratecampana.org\/index.php?rest_route=\/wp\/v2\/pages\/852\/revisions\/19194"}],"wp:attachment":[{"href":"http:\/\/obispadodezaratecampana.org\/index.php?rest_route=%2Fwp%2Fv2%2Fmedia&parent=852"}],"curies":[{"name":"wp","href":"https:\/\/api.w.org\/{rel}","templated":true}]}}