{"id":255,"date":"2013-03-08T09:28:22","date_gmt":"2013-03-08T12:28:22","guid":{"rendered":"http:\/\/obispadodezaratecampana.org\/?page_id=255"},"modified":"2017-10-31T22:42:17","modified_gmt":"2017-11-01T01:42:17","slug":"sacerdotes-religiosos-y-diaconos","status":"publish","type":"page","link":"http:\/\/obispadodezaratecampana.org\/?page_id=255","title":{"rendered":"Sacerdotes, Religiosos y Di\u00e1conos"},"content":{"rendered":"<h3>SECCI\u00d3N EN CONSTRUCCI\u00d3N<\/h3>\n<!-- AddThis Advanced Settings generic via filter on the_content --><!-- AddThis Share Buttons generic via filter on the_content -->","protected":false},"excerpt":{"rendered":"<p>SECCI\u00d3N EN CONSTRUCCI\u00d3N<!-- AddThis Advanced Settings generic via filter on get_the_excerpt --><!-- AddThis Share Buttons generic via filter on get_the_excerpt --><\/p>\n","protected":false},"author":1,"featured_media":0,"parent":229,"menu_order":0,"comment_status":"open","ping_status":"open","template":"","meta":{"_mc_calendar":[],"footnotes":""},"class_list":["post-255","page","type-page","status-publish","hentry"],"_links":{"self":[{"href":"http:\/\/obispadodezaratecampana.org\/index.php?rest_route=\/wp\/v2\/pages\/255","targetHints":{"allow":["GET"]}}],"collection":[{"href":"http:\/\/obispadodezaratecampana.org\/index.php?rest_route=\/wp\/v2\/pages"}],"about":[{"href":"http:\/\/obispadodezaratecampana.org\/index.php?rest_route=\/wp\/v2\/types\/page"}],"author":[{"embeddable":true,"href":"http:\/\/obispadodezaratecampana.org\/index.php?rest_route=\/wp\/v2\/users\/1"}],"replies":[{"embeddable":true,"href":"http:\/\/obispadodezaratecampana.org\/index.php?rest_route=%2Fwp%2Fv2%2Fcomments&post=255"}],"version-history":[{"count":13,"href":"http:\/\/obispadodezaratecampana.org\/index.php?rest_route=\/wp\/v2\/pages\/255\/revisions"}],"predecessor-version":[{"id":14174,"href":"http:\/\/obispadodezaratecampana.org\/index.php?rest_route=\/wp\/v2\/pages\/255\/revisions\/14174"}],"up":[{"embeddable":true,"href":"http:\/\/obispadodezaratecampana.org\/index.php?rest_route=\/wp\/v2\/pages\/229"}],"wp:attachment":[{"href":"http:\/\/obispadodezaratecampana.org\/index.php?rest_route=%2Fwp%2Fv2%2Fmedia&parent=255"}],"curies":[{"name":"wp","href":"https:\/\/api.w.org\/{rel}","templated":true}]}}