{"id":16945,"date":"2021-05-11T17:51:49","date_gmt":"2021-05-11T20:51:49","guid":{"rendered":"http:\/\/obispadodezaratecampana.org\/?page_id=16945"},"modified":"2023-05-28T17:53:18","modified_gmt":"2023-05-28T20:53:18","slug":"tu-limosna-si-puede-salir-de-casa-te-explicamos-como","status":"publish","type":"page","link":"http:\/\/obispadodezaratecampana.org\/?page_id=16945","title":{"rendered":"Laicos en acci\u00f3n"},"content":{"rendered":"\t\t<div data-elementor-type=\"wp-page\" data-elementor-id=\"16945\" class=\"elementor elementor-16945\">\n\t\t\t\t\t\t<section class=\"elementor-section elementor-top-section elementor-element elementor-element-19656400 elementor-section-boxed elementor-section-height-default elementor-section-height-default\" data-id=\"19656400\" data-element_type=\"section\" data-e-type=\"section\">\n\t\t\t\t\t\t<div class=\"elementor-container elementor-column-gap-default\">\n\t\t\t\t\t<div class=\"elementor-column elementor-col-100 elementor-top-column elementor-element elementor-element-3d7646db\" data-id=\"3d7646db\" data-element_type=\"column\" data-e-type=\"column\">\n\t\t\t<div class=\"elementor-widget-wrap elementor-element-populated\">\n\t\t\t\t\t\t<div class=\"elementor-element elementor-element-740e781 elementor-widget elementor-widget-text-editor\" data-id=\"740e781\" data-element_type=\"widget\" data-e-type=\"widget\" data-widget_type=\"text-editor.default\">\n\t\t\t\t<div class=\"elementor-widget-container\">\n\t\t\t\t\t\t\t\t\t\n<p class=\"has-text-align-center has-shark-color has-text-color\"><strong>Encontralos en las redes como @laicosenaccionozc<\/strong><\/p>\n<p><\/p>\n<p class=\"has-text-align-center has-shark-color has-text-color\" style=\"text-align: left;\">Actividades y propuestas para el desarrollo de Fondos del Obispado Z\u00e1rate-Campana, queremos generar acciones como laicos, para ayudar con la acci\u00f3n evangelizadora, las obras y ayuda social de la Iglesia.<\/p>\n<p><\/p>\n<p><\/p>\n<p class=\"has-text-align-center has-shark-color has-text-color\" style=\"text-align: left;\">Para colaborar ingres\u00e1 a:\u00a0<a href=\"https:\/\/donamos.org\/zaratecampana\/aportesolidario\/\" target=\"_blank\" rel=\"noreferrer noopener\">https:\/\/donamos.org\/zaratecampana\/aportesolidario\/<\/a><\/p>\n<p style=\"text-align: left;\"><\/p>\n<p><\/p>\n<p style=\"text-align: left;\"><\/p>\n<p class=\"has-text-align-center has-shark-color has-text-color\" style=\"text-align: left;\"><em>Nuestra Di\u00f3cesis abarca siete partidos del norte de la Provincia de Buenos Aires: Baradero-Campana-Escobar-Exaltaci\u00f3n de la Cruz-Pilar-San Antonio de Areco-Z\u00e1rate.<\/em><\/p>\n\t\t\t\t\t\t\t\t<\/div>\n\t\t\t\t<\/div>\n\t\t\t\t\t<\/div>\n\t\t<\/div>\n\t\t\t\t\t<\/div>\n\t\t<\/section>\n\t\t\t\t<\/div>\n\t\t<!-- AddThis Advanced Settings generic via filter on the_content --><!-- AddThis Share Buttons generic via filter on the_content -->","protected":false},"excerpt":{"rendered":"<p>Encontralos en las redes como @laicosenaccionozc Actividades y propuestas para el desarrollo de Fondos del Obispado Z\u00e1rate-Campana, queremos generar acciones como laicos, para ayudar con [&hellip;]<!-- AddThis Advanced Settings generic via filter on get_the_excerpt --><!-- AddThis Share Buttons generic via filter on get_the_excerpt --><\/p>\n","protected":false},"author":2,"featured_media":17186,"parent":0,"menu_order":0,"comment_status":"closed","ping_status":"closed","template":"","meta":{"_mc_calendar":[],"footnotes":""},"class_list":["post-16945","page","type-page","status-publish","has-post-thumbnail","hentry"],"_links":{"self":[{"href":"http:\/\/obispadodezaratecampana.org\/index.php?rest_route=\/wp\/v2\/pages\/16945","targetHints":{"allow":["GET"]}}],"collection":[{"href":"http:\/\/obispadodezaratecampana.org\/index.php?rest_route=\/wp\/v2\/pages"}],"about":[{"href":"http:\/\/obispadodezaratecampana.org\/index.php?rest_route=\/wp\/v2\/types\/page"}],"author":[{"embeddable":true,"href":"http:\/\/obispadodezaratecampana.org\/index.php?rest_route=\/wp\/v2\/users\/2"}],"replies":[{"embeddable":true,"href":"http:\/\/obispadodezaratecampana.org\/index.php?rest_route=%2Fwp%2Fv2%2Fcomments&post=16945"}],"version-history":[{"count":23,"href":"http:\/\/obispadodezaratecampana.org\/index.php?rest_route=\/wp\/v2\/pages\/16945\/revisions"}],"predecessor-version":[{"id":17214,"href":"http:\/\/obispadodezaratecampana.org\/index.php?rest_route=\/wp\/v2\/pages\/16945\/revisions\/17214"}],"wp:featuredmedia":[{"embeddable":true,"href":"http:\/\/obispadodezaratecampana.org\/index.php?rest_route=\/wp\/v2\/media\/17186"}],"wp:attachment":[{"href":"http:\/\/obispadodezaratecampana.org\/index.php?rest_route=%2Fwp%2Fv2%2Fmedia&parent=16945"}],"curies":[{"name":"wp","href":"https:\/\/api.w.org\/{rel}","templated":true}]}}